{"id":1981,"date":"2018-12-29T11:32:29","date_gmt":"2018-12-29T11:32:29","guid":{"rendered":"https:\/\/eibernest-texel.nl\/bungalows\/"},"modified":"2023-01-03T10:31:16","modified_gmt":"2023-01-03T10:31:16","slug":"bungalows","status":"publish","type":"page","link":"https:\/\/eibernest-texel.nl\/de\/bungalows\/","title":{"rendered":"Bungalows"},"content":{"rendered":"<p>[et_pb_section fb_built=&#8220;1&#8243; _builder_version=&#8220;3.22&#8243;][et_pb_row _builder_version=&#8220;3.25&#8243; background_size=&#8220;initial&#8220; background_position=&#8220;top_left&#8220; background_repeat=&#8220;repeat&#8220;][et_pb_column type=&#8220;4_4&#8243; _builder_version=&#8220;3.0.47&#8243; custom_padding=&#8220;|||&#8220; custom_padding__hover=&#8220;|||&#8220;][et_pb_text _builder_version=&#8220;4.6.6&#8243;]<\/p>\n<p>Unsere Bungalows befinden sich auf dem \u00fcbersichtlichen Ferienpark &amp;#39;t Eibernest am Rande De Cocksdorps. Von unserem Park aus haben Sie Aussicht auf den Krimwald, De Roggesloot und eine Pferdeweide. Verschiedene Essgelegenheiten, Gesch\u00e4fte, eine Fahrradvermietung und die Golfbahn sind zu Fu\u00df erreichbar. Im Umkreis von nur einem Kilometer liegen das Wattenmeer, der Strand, der Leuchtturm, die Wattenf\u00e4hre nach Vlieland &amp;quot;de Vriendschap&amp;quot; und das Naturgebiet De Slufter. Die Terrassen sind mit komfortablen Gartenm\u00f6beln ausgestattet. Der Ferienpark bietet durch Hecken und Z\u00e4une sehr viel Privatsph\u00e4re. Auf dem Park gibt es ausreichende Parkm\u00f6glichkeiten.<\/p>\n<p>[\/et_pb_text][\/et_pb_column][\/et_pb_row][\/et_pb_section][et_pb_section fb_built=&#8220;1&#8243; module_id=&#8220;30&#8243; _builder_version=&#8220;4.3.2&#8243;][et_pb_row column_structure=&#8220;1_2,1_2&#8243; _builder_version=&#8220;4.3.2&#8243; background_color=&#8220;#e0e0e0&#8243; background_size=&#8220;initial&#8220; background_position=&#8220;top_left&#8220; background_repeat=&#8220;repeat&#8220; width_tablet=&#8220;90%&#8220; width_phone=&#8220;&#8220; width_last_edited=&#8220;on|phone&#8220; module_alignment=&#8220;center&#8220; custom_margin=&#8220;|299px||auto||&#8220;][et_pb_column type=&#8220;1_2&#8243; _builder_version=&#8220;3.0.47&#8243; custom_padding=&#8220;|||&#8220; custom_padding__hover=&#8220;|||&#8220;][et_pb_text admin_label=&#8220;&#8218;t Eibernest 30&#8243; _builder_version=&#8220;4.6.6&#8243; custom_padding=&#8220;5%|5%|5%|5%&#8220;]<\/p>\n<div class=\"th-top bz-clearfix\">\n<div class=\"th-titles titles bz-float-left\">5\/6 Personen Bungalow Im Erdgeschoss: Wohnzimmer mit Fu\u00dfbodenheizung, WiFi, Smart TV, moderne K\u00fcche mit Ger\u00e4ten (einschlie\u00dflich Mikrowelle und Geschirrsp\u00fcler), Badezimmer mit Dusche, Waschbecken und Toilette. Im Erdgeschoss befindet sich auch ein Schlafzimmer mit 2&#215;1-pers. Boxspring (200&#215;90) mit Bettdecken. 1. Stock: 2 Schlafzimmer mit 2&#215;1-pers. Boxspring (200&#215;90) mit Bettdecken. M\u00f6glichkeit, Bettw\u00e4sche und Badet\u00fccher zu mieten. Standort: angeschlossen Charakteristika: 2x Sofas Schlafzimmer im Erdgeschoss Boxspring-Betten begehbare Dusche kostenloses Parken kostenloses WiFi Smart TV K\u00fchlschrank\/Tiefk\u00fchltruhe Senseo und Kaffeemaschine Ofen\/Mikrowelle Geschirrsp\u00fcler Terrasse mit Gartenm\u00f6beln<\/div>\n<\/div>\n<p>[\/et_pb_text][\/et_pb_column][et_pb_column type=&#8220;1_2&#8243; _builder_version=&#8220;3.0.47&#8243; custom_padding=&#8220;|||&#8220; custom_padding__hover=&#8220;|||&#8220;]<\/p>\n<p>[et_pb_gallery gallery_ids=&#8220;3323,3329,3326,2669,2672,1984,2687,2696,2693,2690,2681,2684&#8243; fullwidth=&#8220;on&#8220; db_image_max_width_tablet=&#8220;51&#8243; db_image_max_height_tablet=&#8220;501&#8243; db_image_row_spacing_tablet=&#8220;51&#8243; db_image_center_titles=&#8220;left&#8220; db_image_object_fit=&#8220;initial&#8220; dbdb_version=&#8220;3.3.3&#8243; _builder_version=&#8220;4.4.1&#8243;][\/et_pb_gallery]<\/p>\n<p>[\/et_pb_column][\/et_pb_row][\/et_pb_section][et_pb_section fb_built=&#8220;1&#8243; module_id=&#8220;30a&#8220; _builder_version=&#8220;4.0.6&#8243; custom_padding=&#8220;26px|||||&#8220;][et_pb_row column_structure=&#8220;1_2,1_2&#8243; _builder_version=&#8220;3.25&#8243; background_color=&#8220;#e0e0e0&#8243; background_size=&#8220;initial&#8220; background_position=&#8220;top_left&#8220; background_repeat=&#8220;repeat&#8220; custom_margin=&#8220;27px|auto||auto||&#8220;][et_pb_column type=&#8220;1_2&#8243; _builder_version=&#8220;3.0.47&#8243; custom_padding=&#8220;|||&#8220; custom_padding__hover=&#8220;|||&#8220;][et_pb_text admin_label=&#8220;&#8218;t Eibernest 30A&#8220; _builder_version=&#8220;4.3.2&#8243; custom_padding=&#8220;5%|5%|5%|5%&#8220;]<\/p>\n<p>t Eibernest 30A 5\/6 Personen Bungalow Im Erdgeschoss: Wohnzimmer mit Fu\u00dfbodenheizung, WiFi, Smart TV, moderne K\u00fcche mit Ger\u00e4ten (einschlie\u00dflich Mikrowelle und Geschirrsp\u00fcler), Badezimmer mit Dusche, Waschbecken und Toilette. Im Erdgeschoss befindet sich auch ein Schlafzimmer mit 2&#215;1-Personen Boxspringbetten (200&#215;90) mit Bettdecken. 1. Stock: 2 Schlafzimmer mit 2&#215;1-Personen Boxspringbetten (200&#215;90) mit Bettdecken. M\u00f6glichkeit, Bettw\u00e4sche und Badet\u00fccher zu mieten. Standort: angeschlossen Charakteristika: Schlafzimmer im Erdgeschoss kostenloses Parken kostenloses WiFi Smart TV Sofa 2 Sessel Boxspring-Betten begehbare Dusche K\u00fchlschrank\/Tiefk\u00fchltruhe Senseo und Kaffeemaschine Ofen\/Mikrowelle Geschirrsp\u00fcler Terrasse mit Gartenm\u00f6beln<\/p>\n<p>[\/et_pb_text][\/et_pb_column][et_pb_column type=&#8220;1_2&#8243; _builder_version=&#8220;3.0.47&#8243; custom_padding=&#8220;|||&#8220; custom_padding__hover=&#8220;|||&#8220;][et_pb_image src=&#8220;https:\/\/eibernest-texel.nl\/wp-content\/uploads\/2020\/10\/Eibernest-Texel-bungalows-1.jpeg&#8220; title_text=&#8220;Eibernest Texel bungalows (1)&#8220; align_tablet=&#8220;center&#8220; align_phone=&#8220;&#8220; align_last_edited=&#8220;on|desktop&#8220; _builder_version=&#8220;4.6.6&#8243;]<\/p>\n<p>\n&nbsp;<\/p>\n<p>[\/et_pb_image][\/et_pb_column][\/et_pb_row][\/et_pb_section][et_pb_section fb_built=&#8220;1&#8243; module_id=&#8220;30b&#8220; _builder_version=&#8220;4.3.2&#8243;][et_pb_row column_structure=&#8220;1_2,1_2&#8243; _builder_version=&#8220;4.3.2&#8243; background_color=&#8220;#e0e0e0&#8243; background_size=&#8220;initial&#8220; background_position=&#8220;top_left&#8220; background_repeat=&#8220;repeat&#8220; width=&#8220;90%&#8220; max_width_tablet=&#8220;&#8220; max_width_phone=&#8220;100%&#8220; max_width_last_edited=&#8220;on|tablet&#8220; module_alignment=&#8220;center&#8220;][et_pb_column type=&#8220;1_2&#8243; _builder_version=&#8220;3.0.47&#8243; custom_padding=&#8220;|||&#8220; custom_padding__hover=&#8220;|||&#8220;][et_pb_text admin_label=&#8220;&#8218;t Eibernest 30B&#8220; _builder_version=&#8220;4.3.2&#8243; custom_padding=&#8220;5%|5%|5%|5%&#8220;]<\/p>\n<h2>&#8218;t Eibernest 30B<\/h2>\n<p>Sehr sch\u00f6n gelegener Bungalow f\u00fcr 6 Personen (besonders geeignet f\u00fcr Senioren und behinderte G\u00e4ste) <strong>Erdgeschoss<\/strong>: Wohnzimmer mit Fu\u00dfbodenheizung, moderne K\u00fcche mit verschiedenen Einbauger\u00e4ten (u.a. Kombimikrowelle und Sp\u00fclmaschine), Schlafzimmer mit zwei Pflegebetten, angrenzend an ein behindertengerechtes Badezimmer mit ger\u00e4umiger Dusche und Toilette. Geeignet f\u00fcr Senioren und behinderte G\u00e4ste. Bettw\u00e4sche und Handt\u00fccher k\u00f6nnen gemietet werden. <strong>Erste Etage<\/strong>: Zwei Schlafzimmer mit jeweils zwei Boxspring-Einzelbetten (200&#215;90) inklusive Bettdecken. Extra Fernseher in einem der Schlafzimmer. Badezimmer mit Wannenbad, Dusche und Toilette. <strong>Lage<\/strong>: freistehend <strong>Besonderheiten<\/strong>:<\/p>\n<ul>\n<li>Ein Sofa, zwei Sessel<\/li>\n<li>Luxuri\u00f6se Pflegebetten<\/li>\n<li>Boxspringbetten<\/li>\n<li>Ebenerdige Dusche<\/li>\n<li>Smart TV<\/li>\n<li>Kostenloses Wifi<\/li>\n<li>Kostenloses Parken<\/li>\n<li>Schlafzimmer im Erdgeschoss<\/li>\n<li>Geschirrsp\u00fclmaschine<\/li>\n<li>Ofen\/Mikrowelle<\/li>\n<li>Senseo und Kaffeemaschine<\/li>\n<li>K\u00fchlschrank\/Gefrierschrank<\/li>\n<li>Terrasse mit Gartenm\u00f6beln<\/li>\n<\/ul>\n<p>[\/et_pb_text][\/et_pb_column][et_pb_column type=&#8220;1_2&#8243; _builder_version=&#8220;3.0.47&#8243; custom_padding=&#8220;|||&#8220; custom_padding__hover=&#8220;|||&#8220;]<\/p>\n<p>[et_pb_gallery gallery_ids=&#8220;3346,3322,3316,3352,3349,2779,2755,2773,2778,2796,2784,2799,3319,2793,2790,2787,2761,2758,2808,2805,2802,2752,2749,2811&#8243; fullwidth=&#8220;on&#8220; db_image_max_width_tablet=&#8220;51&#8243; db_image_max_height_tablet=&#8220;501&#8243; db_image_row_spacing_tablet=&#8220;51&#8243; db_image_center_titles=&#8220;left&#8220; db_image_object_fit=&#8220;initial&#8220; dbdb_version=&#8220;3.3.3&#8243; _builder_version=&#8220;4.4.1&#8243; z_index_tablet=&#8220;500&#8243;][\/et_pb_gallery]<\/p>\n<p>[\/et_pb_column][\/et_pb_row][\/et_pb_section][et_pb_section fb_built=&#8220;1&#8243; module_id=&#8220;32&#8243; _builder_version=&#8220;4.0.6&#8243;][et_pb_row column_structure=&#8220;1_2,1_2&#8243; _builder_version=&#8220;3.25&#8243; background_color=&#8220;#e0e0e0&#8243; background_size=&#8220;initial&#8220; background_position=&#8220;top_left&#8220; background_repeat=&#8220;repeat&#8220;][et_pb_column type=&#8220;1_2&#8243; _builder_version=&#8220;3.0.47&#8243; custom_padding=&#8220;|||&#8220; custom_padding__hover=&#8220;|||&#8220;][et_pb_text admin_label=&#8220;&#8218;t Eibernest 32&#8243; _builder_version=&#8220;3.27.4&#8243; custom_padding=&#8220;5%|5%|5%|5%&#8220;]<\/p>\n<h2>&#8218;t Eibernest 32<\/h2>\n<p>Ger\u00e4umiger 4-Personen-Bungalow Im Erdgeschoss: Wohnzimmer mit Fu\u00dfbodenheizung, ger\u00e4umiger und sonniger Wintergarten, WiFi, Smart TV, moderne K\u00fcche mit Ger\u00e4ten (einschlie\u00dflich Mikrowelle und Geschirrsp\u00fcler), Badezimmer mit Dusche, Waschbecken und Toilette. 1. Stock: 2 Schlafzimmer mit 2&#215;1-Personen Boxspringbetten (200&#215;90) mit Bettdecken. M\u00f6glichkeit, Bettw\u00e4sche und Badet\u00fccher zu mieten. Standort: angeschlossen Charakteristika: 1x Bank, 2x St\u00fchle Boxspring-Betten begehbare Dusche kostenloses Parken kostenloses WiFi Smart-TV K\u00fchlschrank\/Tiefk\u00fchltruhe Senseo und Kaffeemaschine Ofen\/Mikrowelle Geschirrsp\u00fcler Terrasse mit Gartenm\u00f6beln<\/p>\n<p>[\/et_pb_text][\/et_pb_column][et_pb_column type=&#8220;1_2&#8243; _builder_version=&#8220;3.0.47&#8243; custom_padding=&#8220;|||&#8220; custom_padding__hover=&#8220;|||&#8220;]<\/p>\n<p>[et_pb_gallery gallery_ids=&#8220;3512,2672,2669,1984,2687,2696,2693,2690,2681,2684&#8243; fullwidth=&#8220;on&#8220; db_image_max_width_tablet=&#8220;51&#8243; db_image_max_height_tablet=&#8220;501&#8243; db_image_row_spacing_tablet=&#8220;51&#8243; db_image_center_titles=&#8220;left&#8220; db_image_object_fit=&#8220;initial&#8220; dbdb_version=&#8220;3.3.3&#8243; _builder_version=&#8220;4.6.6&#8243; hover_enabled=&#8220;0&#8243; sticky_enabled=&#8220;0&#8243;][\/et_pb_gallery]<\/p>\n<p>[\/et_pb_column][\/et_pb_row][\/et_pb_section][et_pb_section fb_built=&#8220;1&#8243; module_id=&#8220;32a&#8220; _builder_version=&#8220;4.0.6&#8243;][et_pb_row column_structure=&#8220;1_2,1_2&#8243; _builder_version=&#8220;3.25&#8243; background_color=&#8220;#e0e0e0&#8243; background_size=&#8220;initial&#8220; background_position=&#8220;top_left&#8220; background_repeat=&#8220;repeat&#8220;][et_pb_column type=&#8220;1_2&#8243; _builder_version=&#8220;3.0.47&#8243; custom_padding=&#8220;|||&#8220; custom_padding__hover=&#8220;|||&#8220;][et_pb_text admin_label=&#8220;&#8218;t Eibernest 32A&#8220; _builder_version=&#8220;4.3.2&#8243; custom_padding=&#8220;5%|5%|5%|5%&#8220;]<\/p>\n<p>&#8218;t Eibernest 32 A Ger\u00e4umiger 4-Personen-Bungalow Im Erdgeschoss: Wohnzimmer mit Fu\u00dfbodenheizung und ger\u00e4umigem, sonnigem Wintergarten, WIFI-Internet, Flachbildschirm-Fernseher, moderne K\u00fcche mit Ger\u00e4ten wie Mikrowelle und Geschirrsp\u00fcler, Badezimmer mit Dusche, Waschbecken und Toilette. 1. Stock: 2 Schlafzimmer mit 2 x Einzelbetten. Boxspring (200&#215;90) mit Bettdecken. M\u00f6glichkeit, Bettw\u00e4sche und Badet\u00fccher zu mieten. Lage: Verbunden, ruhig gelegen am Rande des Cocksdorp gegen das Naturschutzgebiet &#8222;de Roggesloot&#8220;, mit sch\u00f6ner Bewaldung, ca. 2 km von Strand und D\u00fcnen entfernt. Charakteristika: Sofa 2 Sessel Boxspring-Betten begehbare Dusche kostenloses Parken kostenloses WiFi Smart-TV K\u00fchlschrank\/Tiefk\u00fchltruhe Senseo und Kaffeemaschine Ofen\/Mikrowelle Geschirrsp\u00fcler Terrasse mit Gartenm\u00f6beln<\/p>\n<p>[\/et_pb_text][\/et_pb_column][et_pb_column type=&#8220;1_2&#8243; _builder_version=&#8220;3.0.47&#8243; custom_padding=&#8220;|||&#8220; custom_padding__hover=&#8220;|||&#8220;]<\/p>\n<p>[et_pb_gallery gallery_ids=&#8220;3512,3515,2672,2661,2669,1984,2687,2696,2693,2690,2681,2684&#8243; fullwidth=&#8220;on&#8220; db_image_max_width_tablet=&#8220;51&#8243; db_image_max_height_tablet=&#8220;501&#8243; db_image_row_spacing_tablet=&#8220;51&#8243; db_image_center_titles=&#8220;left&#8220; db_image_object_fit=&#8220;initial&#8220; dbdb_version=&#8220;3.3.3&#8243; _builder_version=&#8220;4.6.6&#8243; hover_enabled=&#8220;0&#8243; sticky_enabled=&#8220;0&#8243;][\/et_pb_gallery]<\/p>\n<p>[\/et_pb_column][\/et_pb_row][\/et_pb_section][et_pb_section fb_built=&#8220;1&#8243; module_id=&#8220;34&#8243; _builder_version=&#8220;4.0.6&#8243;][et_pb_row column_structure=&#8220;1_2,1_2&#8243; _builder_version=&#8220;3.25&#8243; background_color=&#8220;#e0e0e0&#8243; background_size=&#8220;initial&#8220; background_position=&#8220;top_left&#8220; background_repeat=&#8220;repeat&#8220;][et_pb_column type=&#8220;1_2&#8243; _builder_version=&#8220;3.0.47&#8243; custom_padding=&#8220;|||&#8220; custom_padding__hover=&#8220;|||&#8220;][et_pb_text admin_label=&#8220;&#8218;t Eibernest 34&#8243; _builder_version=&#8220;3.27.4&#8243; custom_padding=&#8220;5%|5%|5%|5%&#8220;]<\/p>\n<p>&#8218;t Eibernest 34 Ger\u00e4umiger 4-Personen-Bungalow Im Erdgeschoss: Wohnzimmer mit Fu\u00dfbodenheizung, ger\u00e4umiger und sonniger Wintergarten, WiFi, Smart TV, moderne K\u00fcche mit Ger\u00e4ten (einschlie\u00dflich Mikrowelle und Geschirrsp\u00fcler), Badezimmer mit Dusche, Waschbecken und Toilette. 1. Stock: 2 Schlafzimmer mit 2&#215;1-Personen Boxspringbetten (200&#215;90) mit Bettdecken. M\u00f6glichkeit, Bettw\u00e4sche und Badet\u00fccher zu mieten. Standort: angeschlossen Charakteristika: 1x Bank, 2x St\u00fchle Boxspring-Betten begehbare Dusche kostenloses Parken kostenloses WiFi Smart-TV K\u00fchlschrank\/Tiefk\u00fchltruhe Senseo und Kaffeemaschine Ofen\/Mikrowelle Geschirrsp\u00fcler Terrasse mit Gartenm\u00f6beln<\/p>\n<p>[\/et_pb_text][\/et_pb_column][et_pb_column type=&#8220;1_2&#8243; _builder_version=&#8220;3.0.47&#8243; custom_padding=&#8220;|||&#8220; custom_padding__hover=&#8220;|||&#8220;]<\/p>\n<p>[et_pb_gallery gallery_ids=&#8220;3605,3599,3602,3632,3611,3617,3590,3626,3323,3329,3326,2669,2672,1984,2687,2696,2693,2690,2681,2684&#8243; fullwidth=&#8220;on&#8220; db_image_max_width_tablet=&#8220;51&#8243; db_image_max_height_tablet=&#8220;501&#8243; db_image_row_spacing_tablet=&#8220;51&#8243; db_image_center_titles=&#8220;left&#8220; db_image_object_fit=&#8220;initial&#8220; dbdb_version=&#8220;3.3.5&#8243; _builder_version=&#8220;4.7.4&#8243; hover_enabled=&#8220;0&#8243; sticky_enabled=&#8220;0&#8243;][\/et_pb_gallery]<\/p>\n<p>[\/et_pb_column][\/et_pb_row][\/et_pb_section][et_pb_section fb_built=&#8220;1&#8243; module_id=&#8220;34a&#8220; _builder_version=&#8220;4.0.6&#8243;][et_pb_row column_structure=&#8220;1_2,1_2&#8243; _builder_version=&#8220;3.25&#8243; background_color=&#8220;#e0e0e0&#8243; background_size=&#8220;initial&#8220; background_position=&#8220;top_left&#8220; background_repeat=&#8220;repeat&#8220;][et_pb_column type=&#8220;1_2&#8243; _builder_version=&#8220;3.0.47&#8243; custom_padding=&#8220;|||&#8220; custom_padding__hover=&#8220;|||&#8220;][et_pb_text admin_label=&#8220;&#8218;t Eibernest 34A&#8220; _builder_version=&#8220;4.3.2&#8243; custom_padding=&#8220;5%|5%|5%|5%&#8220;]<\/p>\n<div class=\"th-top bz-clearfix\">\n<div class=\"th-titles titles bz-float-left\">&#8218;t Eibernest 34A 5\/6 Personen Bungalow Im Erdgeschoss: Wohnzimmer mit Fu\u00dfbodenheizung, ger\u00e4umiger und sonniger Wintergarten, WiFi, Smart TV, moderne K\u00fcche mit Ger\u00e4ten (einschlie\u00dflich Mikrowelle und Geschirrsp\u00fcler), Badezimmer mit Dusche, Waschbecken und Toilette. Im Erdgeschoss befindet sich auch ein Schlafzimmer mit 2&#215;1-Personen Boxspringbetten (200&#215;90) mit Bettdecken. 1. Stock: 2 Schlafzimmer mit 2&#215;1-Personen Boxspringbetten (200&#215;90) mit Bettdecken. M\u00f6glichkeit, Bettw\u00e4sche und Badet\u00fccher zu mieten. Standort: angeschlossen Charakteristika: Sofa 2 Sessel Boxspring-Betten begehbare Dusche kostenloses Parken kostenloses WiFi Smart-TV K\u00fchlschrank\/Tiefk\u00fchltruhe Senseo und Kaffeemaschine Ofen\/Mikrowelle Geschirrsp\u00fcler Terrasse mit Gartenm\u00f6beln<\/div>\n<\/div>\n<p>[\/et_pb_text][\/et_pb_column][et_pb_column type=&#8220;1_2&#8243; _builder_version=&#8220;3.0.47&#8243; custom_padding=&#8220;|||&#8220; custom_padding__hover=&#8220;|||&#8220;]<\/p>\n<p>[et_pb_gallery gallery_ids=&#8220;2654,2672,2699,2657,2660,1984,2687,2696,2693,2690,2681,2684&#8243; fullwidth=&#8220;on&#8220; db_image_max_width_tablet=&#8220;51&#8243; db_image_max_height_tablet=&#8220;501&#8243; db_image_row_spacing_tablet=&#8220;51&#8243; db_image_center_titles=&#8220;left&#8220; db_image_object_fit=&#8220;initial&#8220; dbdb_version=&#8220;3.3.3&#8243; _builder_version=&#8220;4.4.1&#8243;][\/et_pb_gallery]<\/p>\n<p>[\/et_pb_column][\/et_pb_row][\/et_pb_section]<\/p>\n","protected":false},"excerpt":{"rendered":"<p>Unsere Bungalows befinden sich auf dem \u00fcbersichtlichen Ferienpark &amp;#39;t Eibernest am Rande De Cocksdorps. Von unserem Park aus haben Sie Aussicht auf den Krimwald, De Roggesloot und eine Pferdeweide. Verschiedene Essgelegenheiten, Gesch\u00e4fte, eine Fahrradvermietung und die Golfbahn sind zu Fu\u00df erreichbar. Im Umkreis von nur einem Kilometer liegen das Wattenmeer, der Strand, der Leuchtturm, die [&hellip;]<\/p>\n","protected":false},"author":15,"featured_media":0,"parent":0,"menu_order":19,"comment_status":"closed","ping_status":"closed","template":"","meta":{"_et_pb_use_builder":"on","_et_pb_old_content":"","_et_gb_content_width":"","footnotes":""},"class_list":["post-1981","page","type-page","status-publish","hentry"],"_links":{"self":[{"href":"https:\/\/eibernest-texel.nl\/de\/wp-json\/wp\/v2\/pages\/1981","targetHints":{"allow":["GET"]}}],"collection":[{"href":"https:\/\/eibernest-texel.nl\/de\/wp-json\/wp\/v2\/pages"}],"about":[{"href":"https:\/\/eibernest-texel.nl\/de\/wp-json\/wp\/v2\/types\/page"}],"author":[{"embeddable":true,"href":"https:\/\/eibernest-texel.nl\/de\/wp-json\/wp\/v2\/users\/15"}],"replies":[{"embeddable":true,"href":"https:\/\/eibernest-texel.nl\/de\/wp-json\/wp\/v2\/comments?post=1981"}],"version-history":[{"count":0,"href":"https:\/\/eibernest-texel.nl\/de\/wp-json\/wp\/v2\/pages\/1981\/revisions"}],"wp:attachment":[{"href":"https:\/\/eibernest-texel.nl\/de\/wp-json\/wp\/v2\/media?parent=1981"}],"curies":[{"name":"wp","href":"https:\/\/api.w.org\/{rel}","templated":true}]}}