{"id":2409,"date":"2018-12-29T12:40:41","date_gmt":"2018-12-29T12:40:41","guid":{"rendered":"https:\/\/eibernest-texel.nl\/de-cocksdorp\/"},"modified":"2023-01-20T06:26:57","modified_gmt":"2023-01-20T06:26:57","slug":"de-cocksdorp","status":"publish","type":"page","link":"https:\/\/eibernest-texel.nl\/de\/de-cocksdorp\/","title":{"rendered":"Der Cocksdorp Texel"},"content":{"rendered":"<p>[et_pb_section fb_built=&#8220;1&#8243; custom_padding_last_edited=&#8220;on|desktop&#8220; admin_label=&#8220;section&#8220; _builder_version=&#8220;4.19.4&#8243; background_color=&#8220;rgba(255,255,255,0)&#8220; background_image=&#8220;https:\/\/eibernest-texel.nl\/wp-content\/uploads\/2019\/03\/Texel-4-seizoenen-een-prachtige-omgeving-bij-T-Eibernest-19.jpg&#8220; custom_padding_tablet=&#8220;50px|0|50px|0&#8243; custom_padding_phone=&#8220;&#8220; background_last_edited=&#8220;on|phone&#8220; parallax_phone=&#8220;on&#8220; background_size_phone=&#8220;cover&#8220; global_colors_info=&#8220;{}&#8220; theme_builder_area=&#8220;post_content&#8220;][et_pb_row _builder_version=&#8220;4.16&#8243; background_size=&#8220;initial&#8220; background_position=&#8220;top_left&#8220; background_repeat=&#8220;repeat&#8220; global_colors_info=&#8220;{}&#8220; theme_builder_area=&#8220;post_content&#8220;][et_pb_column type=&#8220;4_4&#8243; _builder_version=&#8220;4.16&#8243; custom_padding=&#8220;|||&#8220; global_colors_info=&#8220;{}&#8220; custom_padding__hover=&#8220;|||&#8220; theme_builder_area=&#8220;post_content&#8220;][et_pb_divider show_divider=&#8220;off&#8220; disabled_on=&#8220;on|on|off&#8220; _builder_version=&#8220;4.16&#8243; height=&#8220;30px&#8220; hide_on_mobile=&#8220;on&#8220; global_colors_info=&#8220;{}&#8220; theme_builder_area=&#8220;post_content&#8220;][\/et_pb_divider][\/et_pb_column][\/et_pb_row][et_pb_row column_structure=&#8220;1_2,1_2&#8243; admin_label=&#8220;row&#8220; _builder_version=&#8220;4.19.4&#8243; background_size=&#8220;initial&#8220; background_position=&#8220;top_left&#8220; background_repeat=&#8220;repeat&#8220; width_tablet=&#8220;&#8220; width_phone=&#8220;100%&#8220; width_last_edited=&#8220;on|phone&#8220; global_colors_info=&#8220;{}&#8220; theme_builder_area=&#8220;post_content&#8220;][et_pb_column type=&#8220;1_2&#8243; _builder_version=&#8220;4.16&#8243; custom_padding=&#8220;|||&#8220; global_colors_info=&#8220;{}&#8220; custom_padding__hover=&#8220;|||&#8220; theme_builder_area=&#8220;post_content&#8220;][\/et_pb_column][et_pb_column type=&#8220;1_2&#8243; _builder_version=&#8220;4.16&#8243; custom_padding=&#8220;|||&#8220; global_colors_info=&#8220;{}&#8220; custom_padding__hover=&#8220;|||&#8220; theme_builder_area=&#8220;post_content&#8220;][et_pb_text admin_label=&#8220;Text&#8220; _builder_version=&#8220;4.19.4&#8243; background_color=&#8220;rgba(0,0,0,0.55)&#8220; background_size=&#8220;initial&#8220; background_position=&#8220;top_left&#8220; background_repeat=&#8220;repeat&#8220; background_layout=&#8220;dark&#8220; custom_margin=&#8220;10%|10%|10%|10%&#8220; custom_padding=&#8220;25px|15px|25px|15px&#8220; hover_enabled=&#8220;0&#8243; use_border_color=&#8220;off&#8220; border_color=&#8220;#ffffff&#8220; border_style=&#8220;solid&#8220; global_colors_info=&#8220;{}&#8220; theme_builder_area=&#8220;post_content&#8220; border_radii=&#8220;on|8px|8px|8px|8px&#8220; sticky_enabled=&#8220;0&#8243;]<\/p>\n<h3>Der Nordkopf von Texel, &#8222;das Land hinter der Rugediek&#8220;, zeichnet sich durch sein vielf\u00e4ltiges Angebot in vielen Bereichen aus.<\/h3>\n<p>Von wundersch\u00f6ner Natur bis zu vielf\u00e4ltigen Sportm\u00f6glichkeiten, vom kulinarischen Genuss bis zum Blick auf Kunst und Geschichte. Gegr\u00fcndet 1835 von einem Antwerpener Reeder, N.J. de Cock, der zusammen mit einigen Herren die &#8222;Soci\u00ebteit van Eierland&#8220; gr\u00fcndete. Das Hotel liegt am &#8222;Roggesloot&#8220;, einem alten Bach, der fr\u00fcher in offener Verbindung mit dem Wattenmeer stand. Der Cocksdorp wuchs stetig und hat vor allem in den letzten 25 Jahren durch das Wachstum der Touristenunterk\u00fcnfte ein v\u00f6llig anderes Aussehen angenommen.<\/p>\n<p>Vor allem aufgrund des Wachstums des Bungalowparks &#8222;De Krim&#8220; und verschiedener Parks um und in der N\u00e4he von De Slufter hat die Besch\u00e4ftigung in diesen Parks, aber auch in und um das Dorf, erheblich zugenommen.<\/p>\n<p>Nach De Koog ist De Cocksdorp heute der zweite Ferienort auf Texel. In der N\u00e4he von De Cocksdorp, von Paal 33, f\u00e4hrt das Boot in der Saison nach Vlieland. Bei De Cocksdorp, im Polder, befinden sich die Weiler Midden- und Zuid Eierland.<\/p>\n<p>Tipp: Besondere Geschichten \u00fcber De Cocksdorp <a href=\"http:\/\/decocksdorp.info\/\" target=\"_blank\" rel=\"noopener\">k\u00f6nnen Sie auf der Website unseres Wirtschaftsverbandes<br \/>OVCE De Cocksdorp<\/a>und Eierland lesen<\/p>\n<p>[\/et_pb_text][\/et_pb_column][\/et_pb_row][et_pb_row admin_label=&#8220;row&#8220; _builder_version=&#8220;4.16&#8243; background_size=&#8220;initial&#8220; background_position=&#8220;top_left&#8220; background_repeat=&#8220;repeat&#8220; global_colors_info=&#8220;{}&#8220; theme_builder_area=&#8220;post_content&#8220;][et_pb_column type=&#8220;4_4&#8243; _builder_version=&#8220;4.16&#8243; custom_padding=&#8220;|||&#8220; global_colors_info=&#8220;{}&#8220; custom_padding__hover=&#8220;|||&#8220; theme_builder_area=&#8220;post_content&#8220;][et_pb_divider show_divider=&#8220;off&#8220; disabled_on=&#8220;on|on|off&#8220; admin_label=&#8220;Divider&#8220; _builder_version=&#8220;4.16&#8243; height=&#8220;300px&#8220; global_colors_info=&#8220;{}&#8220; theme_builder_area=&#8220;post_content&#8220;][\/et_pb_divider][\/et_pb_column][\/et_pb_row][\/et_pb_section]<\/p>\n","protected":false},"excerpt":{"rendered":"<p>Der Nordkopf von Texel, &#8222;das Land hinter der Rugediek&#8220;, zeichnet sich durch sein vielf\u00e4ltiges Angebot in vielen Bereichen aus. Von wundersch\u00f6ner Natur bis zu vielf\u00e4ltigen Sportm\u00f6glichkeiten, vom kulinarischen Genuss bis zum Blick auf Kunst und Geschichte. Gegr\u00fcndet 1835 von einem Antwerpener Reeder, N.J. de Cock, der zusammen mit einigen Herren die &#8222;Soci\u00ebteit van Eierland&#8220; gr\u00fcndete. [&hellip;]<\/p>\n","protected":false},"author":15,"featured_media":0,"parent":0,"menu_order":26,"comment_status":"closed","ping_status":"closed","template":"","meta":{"_et_pb_use_builder":"on","_et_pb_old_content":"","_et_gb_content_width":"","footnotes":""},"class_list":["post-2409","page","type-page","status-publish","hentry"],"_links":{"self":[{"href":"https:\/\/eibernest-texel.nl\/de\/wp-json\/wp\/v2\/pages\/2409","targetHints":{"allow":["GET"]}}],"collection":[{"href":"https:\/\/eibernest-texel.nl\/de\/wp-json\/wp\/v2\/pages"}],"about":[{"href":"https:\/\/eibernest-texel.nl\/de\/wp-json\/wp\/v2\/types\/page"}],"author":[{"embeddable":true,"href":"https:\/\/eibernest-texel.nl\/de\/wp-json\/wp\/v2\/users\/15"}],"replies":[{"embeddable":true,"href":"https:\/\/eibernest-texel.nl\/de\/wp-json\/wp\/v2\/comments?post=2409"}],"version-history":[{"count":0,"href":"https:\/\/eibernest-texel.nl\/de\/wp-json\/wp\/v2\/pages\/2409\/revisions"}],"wp:attachment":[{"href":"https:\/\/eibernest-texel.nl\/de\/wp-json\/wp\/v2\/media?parent=2409"}],"curies":[{"name":"wp","href":"https:\/\/api.w.org\/{rel}","templated":true}]}}