{"id":2418,"date":"2018-12-29T12:42:56","date_gmt":"2018-12-29T12:42:56","guid":{"rendered":"https:\/\/eibernest-texel.nl\/behinderte-3\/"},"modified":"2024-05-26T18:57:39","modified_gmt":"2024-05-26T16:57:39","slug":"behinderte-3","status":"publish","type":"page","link":"https:\/\/eibernest-texel.nl\/de\/behinderte-3\/","title":{"rendered":"Behinderte"},"content":{"rendered":"<p>[et_pb_section fb_built=&#8220;1&#8243; _builder_version=&#8220;4.19.4&#8243; background_color=&#8220;#4D5743&#8243; global_colors_info=&#8220;{}&#8220;][et_pb_row use_custom_gutter=&#8220;on&#8220; gutter_width=&#8220;2&#8243; _builder_version=&#8220;4.16&#8243; background_size=&#8220;initial&#8220; background_position=&#8220;top_left&#8220; background_repeat=&#8220;repeat&#8220; global_colors_info=&#8220;{}&#8220;][et_pb_column type=&#8220;4_4&#8243; _builder_version=&#8220;4.16&#8243; custom_padding=&#8220;|||&#8220; global_colors_info=&#8220;{}&#8220; custom_padding__hover=&#8220;|||&#8220;][et_pb_code module_id=&#8220;boek30b&#8220; _builder_version=&#8220;4.20.4&#8243; _module_preset=&#8220;default&#8220; hover_enabled=&#8220;0&#8243; global_colors_info=&#8220;{}&#8220; sticky_enabled=&#8220;0&#8243;]<bookzo-object-part apikey=\"lz6q1yK9AqoY\" objectid=\"3\" config=\"{\"object\":{\"part\":\"images\"}}\"><\/bookzo-object-part><!-- [et_pb_line_break_holder] -->[\/et_pb_code][et_pb_text _builder_version=&#8220;4.20.4&#8243; background_color=&#8220;#B7BBB3&#8243; background_size=&#8220;initial&#8220; background_position=&#8220;top_left&#8220; background_repeat=&#8220;repeat&#8220; custom_padding=&#8220;2%|2%|2%|2%|true|true&#8220; hover_enabled=&#8220;0&#8243; border_radii=&#8220;on|10px|10px|10px|10px&#8220; global_colors_info=&#8220;{}&#8220; sticky_enabled=&#8220;0&#8243;]<\/p>\n<div class=\"th-top bz-clearfix\">\n<div class=\"th-titles titles bz-float-left\">\n<h2>&#8218;t Eibernest 30 B<\/h2>\n<\/div>\n<div class=\"bz-float-right\">Sch\u00f6n gelegen6-Personen-Bungalow <strong>sehr geeignet f\u00fcr Behinderte und \u00e4ltere Menschen<\/strong>. Ausgestattet mit <strong>zwei ger\u00e4umigen Badezimmern<\/strong>: 1 Badezimmer mit Badewanne auf dem Boden, 1 Badezimmer mit ger\u00e4umiger Dusche neben dem Schlafzimmer im Erdgeschoss, wo es<strong>zwei luxuri\u00f6se Hoch-Niedrige Betten<\/strong>gibt. Dar\u00fcber hinaus ist das Haus mit einer K\u00fcche mit modernen Einbauger\u00e4ten ausgestattet. Auf der Gartenterrasse finden Sie bequeme Gartenm\u00f6bel und auf dem Park gibt es einen Spielplatz mit Spielger\u00e4ten. Sch\u00f6ne Aussicht auf die Krimbos und die Leuchtturmstra\u00dfe, in der N\u00e4he des &#8222;Leuchtturmstrandes&#8220;. Im Dorf sind die Gesch\u00e4fte und der Fahrradverleih zu Fu\u00df erreichbar. Die sch\u00f6nen Terrassen mit begleitenden Restaurants finden Sie auch dort.<\/div>\n<\/div>\n<p>[\/et_pb_text][\/et_pb_column][\/et_pb_row][\/et_pb_section][et_pb_section fb_built=&#8220;1&#8243; _builder_version=&#8220;4.20.4&#8243; _module_preset=&#8220;default&#8220; background_color=&#8220;#E4E6E1&#8243; hover_enabled=&#8220;0&#8243; global_colors_info=&#8220;{}&#8220; sticky_enabled=&#8220;0&#8243;][et_pb_row _builder_version=&#8220;4.16&#8243; _module_preset=&#8220;default&#8220; global_colors_info=&#8220;{}&#8220;][et_pb_column type=&#8220;4_4&#8243; _builder_version=&#8220;4.16&#8243; _module_preset=&#8220;default&#8220; global_colors_info=&#8220;{}&#8220;][et_pb_text _builder_version=&#8220;4.16&#8243; background_size=&#8220;initial&#8220; background_position=&#8220;top_left&#8220; background_repeat=&#8220;repeat&#8220; global_colors_info=&#8220;{}&#8220;]<\/p>\n<div class=\"th-top bz-clearfix\">\n<div class=\"th-titles titles bz-float-left\"><\/div>\n<div><strong>Aufteilung<\/strong> im Erdgeschoss: Wohnzimmer, moderne K\u00fcche mit Einbauger\u00e4ten komplett ausgestattet mit Fu\u00dfbodenheizung. Im Erdgeschoss 1 Schlafzimmer mit 2x 1-Pers Hoch-Niedrige Betten, angrenzende ein leicht zug\u00e4ngliches Badezimmer mit ger\u00e4umiger Dusche und WC f\u00fcr behinderte Menschen zug\u00e4nglich.<\/div>\n<\/div>\n<div>\n<p><span style=\"font-size: 16px;\">M\u00f6glichkeit, Bettw\u00e4sche und Handt\u00fccher zu mieten.<\/span><\/p>\n<p>1. Stock: 2 Schlafzimmer mit 2 x 1-Pers. Betten mit Bettdecken. Im Obergeschoss befindet sich auch ein zus\u00e4tzlicher TV in einem der Schlafzimmer.<br \/>Badezimmer mit Badewanne\/Dusche und WC.<\/p>\n<p>Au\u00dfenbereich: Ger\u00e4umige Terrasse mit M\u00f6beln<\/p>\n<p>Lage: freistehend, ruhig am Rande des Cocksdorp gegen \u00fcber Naturschutzgebiet &#8222;de Roggesloot&#8220;, mit sch\u00f6nen Bewaldungen. Zu Fu\u00df erreichbar sind auch verschiedene Gastronomiebetriebe, Gesch\u00e4fte, ein Fahrradverleih und der Golfplatz Texel (18L\u00f6cher). Weiter in einem Umkreis von 1 km finden Sie das Wattenmeer und das Boarding der F\u00e4hre nach Vlieland, den Leuchtturmstrand und das Naturschutzgebiet de Slufter.<\/p>\n<\/div>\n<div>\n<div>\n<div class=\"bz-features\">\n<div class=\"bz-grid bz-grid-margin\">\n<div class=\"bz-width-1-1 bz-width-small-1-2 bz-width-medium-1-3 bz-grid-margin\">\n<p>&nbsp;<\/p>\n<\/div>\n<\/div>\n<\/div>\n<\/div>\n<\/div>\n<p>[\/et_pb_text][et_pb_code _builder_version=&#8220;4.20.4&#8243; _module_preset=&#8220;default&#8220; hover_enabled=&#8220;0&#8243; sticky_enabled=&#8220;0&#8243;]<bookzo-object-part apikey=\"lz6q1yK9AqoY\" objectid=\"3\" config=\"{\"object\":{\"part\":\"calendar\"}}\"><\/bookzo-object-part><!-- [et_pb_line_break_holder] -->[\/et_pb_code][et_pb_code _builder_version=&#8220;4.20.4&#8243; text_orientation=&#8220;center&#8220; hover_enabled=&#8220;0&#8243; z_index_tablet=&#8220;500&#8243; global_module=&#8220;2483&#8243; saved_tabs=&#8220;all&#8220; global_colors_info=&#8220;{}&#8220; sticky_enabled=&#8220;0&#8243;][\/et_pb_code][\/et_pb_column][\/et_pb_row][\/et_pb_section]<\/p>\n","protected":false},"excerpt":{"rendered":"<p>&#8218;t Eibernest 30 B Sch\u00f6n gelegen6-Personen-Bungalow sehr geeignet f\u00fcr Behinderte und \u00e4ltere Menschen. Ausgestattet mit zwei ger\u00e4umigen Badezimmern: 1 Badezimmer mit Badewanne auf dem Boden, 1 Badezimmer mit ger\u00e4umiger Dusche neben dem Schlafzimmer im Erdgeschoss, wo eszwei luxuri\u00f6se Hoch-Niedrige Bettengibt. Dar\u00fcber hinaus ist das Haus mit einer K\u00fcche mit modernen Einbauger\u00e4ten ausgestattet. Auf der Gartenterrasse [&hellip;]<\/p>\n","protected":false},"author":15,"featured_media":2282,"parent":0,"menu_order":14,"comment_status":"closed","ping_status":"closed","template":"","meta":{"_et_pb_use_builder":"on","_et_pb_old_content":"","_et_gb_content_width":"","footnotes":""},"class_list":["post-2418","page","type-page","status-publish","has-post-thumbnail","hentry"],"_links":{"self":[{"href":"https:\/\/eibernest-texel.nl\/de\/wp-json\/wp\/v2\/pages\/2418","targetHints":{"allow":["GET"]}}],"collection":[{"href":"https:\/\/eibernest-texel.nl\/de\/wp-json\/wp\/v2\/pages"}],"about":[{"href":"https:\/\/eibernest-texel.nl\/de\/wp-json\/wp\/v2\/types\/page"}],"author":[{"embeddable":true,"href":"https:\/\/eibernest-texel.nl\/de\/wp-json\/wp\/v2\/users\/15"}],"replies":[{"embeddable":true,"href":"https:\/\/eibernest-texel.nl\/de\/wp-json\/wp\/v2\/comments?post=2418"}],"version-history":[{"count":0,"href":"https:\/\/eibernest-texel.nl\/de\/wp-json\/wp\/v2\/pages\/2418\/revisions"}],"wp:featuredmedia":[{"embeddable":true,"href":"https:\/\/eibernest-texel.nl\/de\/wp-json\/wp\/v2\/media\/2282"}],"wp:attachment":[{"href":"https:\/\/eibernest-texel.nl\/de\/wp-json\/wp\/v2\/media?parent=2418"}],"curies":[{"name":"wp","href":"https:\/\/api.w.org\/{rel}","templated":true}]}}