{"id":2468,"date":"2018-12-29T13:32:54","date_gmt":"2018-12-29T13:32:54","guid":{"rendered":"https:\/\/eibernest-texel.nl\/wir-ueber-uns-2\/"},"modified":"2026-02-06T18:13:31","modified_gmt":"2026-02-06T17:13:31","slug":"wir-ueber-uns-2","status":"publish","type":"page","link":"https:\/\/eibernest-texel.nl\/de\/wir-ueber-uns-2\/","title":{"rendered":"\u00dcber uns"},"content":{"rendered":"<p>[et_pb_section fb_built=&#8220;1&#8243; custom_padding_last_edited=&#8220;on|desktop&#8220; _builder_version=&#8220;4.19.4&#8243; background_color=&#8220;#B7BBB3&#8243; custom_padding_tablet=&#8220;50px|0|50px|0&#8243; custom_padding_phone=&#8220;&#8220; transparent_background=&#8220;off&#8220; padding_mobile=&#8220;off&#8220; global_colors_info=&#8220;{}&#8220;][et_pb_row column_structure=&#8220;1_3,2_3&#8243; admin_label=&#8220;Ruder&#8220; _builder_version=&#8220;4.16&#8243; background_size=&#8220;initial&#8220; background_position=&#8220;top_left&#8220; background_repeat=&#8220;repeat&#8220; custom_padding=&#8220;3px|||||&#8220; global_colors_info=&#8220;{}&#8220;][et_pb_column type=&#8220;1_3&#8243; _builder_version=&#8220;4.16&#8243; custom_padding=&#8220;|||&#8220; global_colors_info=&#8220;{}&#8220; custom_padding__hover=&#8220;|||&#8220;][et_pb_team_member name=&#8220;Familie Steenvoorden &amp; Dekker&#8220; image_url=&#8220;https:\/\/eibernest-texel.nl\/wp-content\/uploads\/2023\/08\/Eibernest-Texel-familie-Dekker-Steenvoorden.jpg&#8220; admin_label=&#8220;Tekst+Foto&#8220; _builder_version=&#8220;4.21.2&#8243; header_font=&#8220;Open Sans||||&#8220; header_font_size=&#8220;14&#8243; header_line_height=&#8220;1.4em&#8220; background_color=&#8220;#E4E6E1&#8243; background_size=&#8220;initial&#8220; background_position=&#8220;top_left&#8220; background_repeat=&#8220;repeat&#8220; module_alignment=&#8220;center&#8220; custom_padding=&#8220;25px|25px|25px|25px&#8220; border_radii=&#8220;on|8px|8px|8px|8px&#8220; border_color_all=&#8220;#aec1c1&#8243; border_radii_image=&#8220;on|8px|8px|8px|8px&#8220; use_border_color=&#8220;on&#8220; global_colors_info=&#8220;{}&#8220;]<\/p>\n<p>Wir hoffen, Sie bald in unserem Bungalowpark &#8218;t Eibernest willkommen zu hei\u00dfen!<\/p>\n<p>[\/et_pb_team_member][et_pb_image src=&#8220;https:\/\/eibernest-texel.nl\/wp-content\/uploads\/2026\/02\/Instagram-Stickers-Blue_RA-2026.png&#8220; _builder_version=&#8220;4.27.5&#8243; _module_preset=&#8220;default&#8220; title_text=&#8220;Instagram-Aufkleber-Blue_RA-2026&#8243; hover_enabled=&#8220;0&#8243; sticky_enabled=&#8220;0&#8243;][\/et_pb_image][et_pb_image src=&#8220;https:\/\/eibernest-texel.nl\/wp-content\/uploads\/2026\/02\/t-Eibernest-in-Texel-Nederland-_-Zoover.png&#8220; _builder_version=&#8220;4.27.5&#8243; _module_preset=&#8220;default&#8220; title_text=&#8220;&#039;t Eibernest in Texel, Niederlande _ Zoover&#8220; hover_enabled=&#8220;0&#8243; sticky_enabled=&#8220;0&#8243; url=&#8220;https:\/\/www.zoover.nl\/nederland\/waddeneilanden\/texel\/t-eibernest\/vakantiehuis&#8220; url_new_window=&#8220;on&#8220;][\/et_pb_image][et_pb_image src=&#8220;https:\/\/eibernest-texel.nl\/wp-content\/uploads\/2026\/02\/Zoover_2026-removebg-preview.png&#8220; title_text=&#8220;Zoover_2026-removebg Vorschau&#8220; url=&#8220;https:\/\/www.zoover.nl\/nederland\/waddeneilanden\/texel\/t-eibernest\/vakantiehuis&#8220; _builder_version=&#8220;4.27.5&#8243; _module_preset=&#8220;default&#8220; hover_enabled=&#8220;0&#8243; border_radii=&#8220;on|8px|8px|8px|8px&#8220; global_colors_info=&#8220;{}&#8220; sticky_enabled=&#8220;0&#8243; url_new_window=&#8220;on&#8220;][\/et_pb_image][et_pb_image src=&#8220;https:\/\/eibernest-texel.nl\/wp-content\/uploads\/2026\/02\/Award-Eibernest-1.png&#8220; title_text=&#8220;Auszeichnung Eibernest (1)&#8220; url=&#8220;https:\/\/eibernest-texel.nl\/de\/traveller-review-awards-2026\/&#8220; url_new_window=&#8220;on&#8220; admin_label=&#8220;Afbeelding&#8220; _builder_version=&#8220;4.27.5&#8243; hover_enabled=&#8220;0&#8243; border_radii=&#8220;on|8px|8px|8px|8px&#8220; global_colors_info=&#8220;{}&#8220; sticky_enabled=&#8220;0&#8243;][\/et_pb_image][et_pb_code admin_label=&#8220;Code Zoover&#8220; _builder_version=&#8220;4.16&#8243; global_colors_info=&#8220;{}&#8220;]<\/p>\n<div class=\"zvr-widget zvr-widget--type3\">\n<div id=\"zoover-widget-entity-container\" class=\"zvr-widget-container color--lightGrey\" style=\"width: auto\">\n<div class=\"acco-name section\"><a href=\"http:\/\/www.zoover.nl\/nederland\/waddeneilanden\/texel\/t-eibernest\/bungalow\" target=\"_blank\" rel=\"noopener noreferrer\">&#8218;t Eibernest***<\/a><\/div>\n<div id=\"widgets-content-101129-3\"><\/div>\n<div class=\"widget-footer\"><a href=\"#\" id=\"zvr-widget3-logo-101129\" target=\"_blank\" class=\"logo-overall\" rel=\"noopener noreferrer\"><\/a><object class=\"zvr-logo\" data=\"http:\/\/www.zoover.nl\/Shared\/images2\/Widgets\/zvr-logo-orange.svg\" type=\"image\/svg+xml\"><img decoding=\"async\" src=\"https:\/\/eibernest-texel.nl\/wp-content\/uploads\/2016\/11\/logo-orange-zoover.png\" alt=\"\" title=\"\"><\/object><\/div>\n<\/div>\n<\/div>\n<p><script type=\"text\/javascript\">var logoLink = document.getElementById(\"zvr-widget3-logo-101129\");logoLink.href = \"http:\/\/www.zoover.nl\/nederland\/waddeneilanden\/texel\/t-eibernest\/bungalow\";<\/script><script id=\"dynamicContentScript\" type=\"text\/javascript\" src=\"http:\/\/www.zoover.nl\/widgets\/loadwidgetdynamiccontent.aspx?entid=101129&amp;entlvl=accommodation&amp;widgetType=3&amp;position=widgets-content-101129-3&amp;generalScore=true&amp;ratings=true&amp;addReviewLink=true\"><\/script><script type=\"text\/javascript\">var fileref = document.createElement(\"link\");fileref.setAttribute(\"rel\", \"stylesheet\");fileref.setAttribute(\"type\", \"text\/css\");fileref.setAttribute(\"href\", \"http:\/\/www.zoover.nl\/Shared\/Css\/zoover-widgets.v2.css\");var head = document.getElementsByTagName('head')[0];var headerContent = head.innerHTML;if(headerContent.indexOf(\"http:\/\/www.zoover.nl\/Shared\/Css\/zoover-widgets.v2.css\") == -1){head.appendChild(fileref);}<\/script>[\/et_pb_code][\/et_pb_column][et_pb_column type=&#8220;2_3&#8243; _builder_version=&#8220;4.16&#8243; custom_padding=&#8220;|||&#8220; global_colors_info=&#8220;{}&#8220; custom_padding__hover=&#8220;|||&#8220;][et_pb_image src=&#8220;https:\/\/eibernest-texel.nl\/wp-content\/uploads\/2021\/05\/BnB-De-Moerbei-Texel-Familie-Dekker-Steenvoorden-2021-5.jpg&#8220; title_text=&#8220;BnB De Moerbei Texel &#8211; Familie Dekker-Steenvoorden 2021 (5)&#8220; align_tablet=&#8220;center&#8220; align_phone=&#8220;&#8220; align_last_edited=&#8220;on|desktop&#8220; _builder_version=&#8220;4.19.4&#8243; border_radii=&#8220;on|8px|8px|8px|8px&#8220; global_colors_info=&#8220;{}&#8220;]<br \/>\n[\/et_pb_image][et_pb_text admin_label=&#8220;Text&#8220; _builder_version=&#8220;4.16&#8243; background_size=&#8220;initial&#8220; background_position=&#8220;top_left&#8220; background_repeat=&#8220;repeat&#8220; z_index_tablet=&#8220;500&#8243; use_border_color=&#8220;off&#8220; global_colors_info=&#8220;{}&#8220;]<\/p>\n<p>Im Jahr 2001 kauften Tom und Ans Steenvoorden das Bungalow &#8218;t Eibernest. Von Kortenhoef zogen sie nach Texel, wo sie sich jetzt vollkommen zu Hause f\u00fchlen. Es ist nicht umsonst, dass Schwiegersohn Norbert und Tochter Esther ihnen folgten, zusammen mit ihrem Sohn Lucas.<\/p>\n<p>2016 war die Zeit gekommen: Esther und Norbert verwirklichten ihren Traum mit dem BnB De Moerbei in einem monumentalen Geb\u00e4ude in der Kikkertstraat (dem Zentrum von De Cocksdorp). Sie haben diese komplett renoviert und drei luxuri\u00f6se G\u00e4steh\u00e4user gebaut. Von Anfang an helfen sie auch bei &#8218;t Eibernest, und 2018 haben sie komplett \u00fcbernommen. Esther, Norbert und Lucas lieben es, auf Texel zu leben. &#8222;Diesen Frieden und diesen Raum wirst du nirgendwo finden!&#8220;<\/p>\n<p><em>Und dann das&#8230;<br \/><\/em>&#8218;Egg&#8216; bezeichnet auch Eierland, den Polder, in dem sich das Dorf befindet. Der Polder verdankt seinen Namen einer unbewohnten Sandbank, in der fr\u00fcher viele tausend Eier gesammelt wurden. \u00dcbrigens keine Storcheneier, obwohl ein gef\u00e4lschtes Exemplar mit einem Nest auf einem der H\u00e4user etwas anderes nahelegt&#8230;<\/p>\n<p>[\/et_pb_text][\/et_pb_column][\/et_pb_row][\/et_pb_section][et_pb_section fb_built=&#8220;1&#8243; custom_padding_last_edited=&#8220;on|desktop&#8220; module_id=&#8220;Rezensionen&#8220; _builder_version=&#8220;4.19.4&#8243; background_color=&#8220;rgba(255,255,255,0)&#8220; background_image=&#8220;https:\/\/eibernest-texel.nl\/wp-content\/uploads\/2019\/03\/Texel-4-seizoenen-een-prachtige-omgeving-bij-T-Eibernest-19.jpg&#8220; parallax=&#8220;on&#8220; parallax_method=&#8220;off&#8220; custom_padding_tablet=&#8220;50px|0|50px|0&#8243; custom_padding_phone=&#8220;&#8220; global_colors_info=&#8220;{}&#8220;][et_pb_row _builder_version=&#8220;4.19.4&#8243; background_color=&#8220;rgba(255,255,255,0.5)&#8220; background_size=&#8220;initial&#8220; background_position=&#8220;top_left&#8220; background_repeat=&#8220;repeat&#8220; custom_padding=&#8220;0px||0px|||&#8220; border_radii=&#8220;on|8px|8px|8px|8px&#8220; global_colors_info=&#8220;{}&#8220;][et_pb_column type=&#8220;4_4&#8243; _builder_version=&#8220;4.16&#8243; custom_padding=&#8220;|||&#8220; global_colors_info=&#8220;{}&#8220; custom_padding__hover=&#8220;|||&#8220;][testify_carousel testimonials_count=&#8220;99&#8243; loop=&#8220;on&#8220; autoplay=&#8220;on&#8220; pause_slider=&#8220;on&#8220; column_layout=&#8220;4&#8243; arrows_icon_size=&#8220;30px&#8220; arrows_icon_color=&#8220;#4D5743&#8243; arrows_icon_bg_color=&#8220;RGBA(255,255,255,0)&#8220; title_tag=&#8220;h3&#8243; quote_align=&#8220;right&#8220; quote_icon=&#8220;testify-quote-9&#8243; quote_color=&#8220;#4D5743&#8243; quote_size=&#8220;40px&#8220; rating_size=&#8220;18px&#8220; rating_border_enable=&#8220;on&#8220; divider_border_color=&#8220;#4D5743&#8243; divider_border_style=&#8220;dashed&#8220; slider_container_bg_enable=&#8220;on&#8220; slider_container_bg_color=&#8220;rgba(183,187,179,0.51)&#8220; _builder_version=&#8220;4.24.2&#8243; _module_preset=&#8220;default&#8220; content_font_size=&#8220;14px&#8220; content_line_height=&#8220;1.4em&#8220; title_text_align=&#8220;center&#8220; title_text_color=&#8220;#4D5743&#8243; title_line_height=&#8220;1.4em&#8220; text_orientation=&#8220;left&#8220; global_colors_info=&#8220;{}&#8220;][testify_carousel_child item=&#8220;quote&#8220; item_title=&#8220;Quote Icon&#8220; _builder_version=&#8220;4.19.4&#8243; _module_preset=&#8220;default&#8220; global_colors_info=&#8220;{}&#8220;][\/testify_carousel_child][testify_carousel_child item=&#8220;title&#8220; item_title=&#8220;Title&#8220; _builder_version=&#8220;4.19.4&#8243; _module_preset=&#8220;default&#8220; global_colors_info=&#8220;{}&#8220;][\/testify_carousel_child][testify_carousel_child item=&#8220;testimonialrating&#8220; item_title=&#8220;Rating&#8220; _builder_version=&#8220;4.19.4&#8243; _module_preset=&#8220;default&#8220; global_colors_info=&#8220;{}&#8220;][\/testify_carousel_child][testify_carousel_child item=&#8220;content&#8220; item_title=&#8220;Content&#8220; _builder_version=&#8220;4.19.4&#8243; _module_preset=&#8220;default&#8220; global_colors_info=&#8220;{}&#8220;][\/testify_carousel_child][testify_carousel_child item=&#8220;divider&#8220; item_title=&#8220;Divider&#8220; _builder_version=&#8220;4.19.4&#8243; _module_preset=&#8220;default&#8220; global_colors_info=&#8220;{}&#8220;][\/testify_carousel_child][testify_carousel_child item=&#8220;testimonialauthor&#8220; item_title=&#8220;Author&#8220; _builder_version=&#8220;4.19.4&#8243; _module_preset=&#8220;default&#8220; global_colors_info=&#8220;{}&#8220;][\/testify_carousel_child][\/testify_carousel][et_pb_code _builder_version=&#8220;4.24.2&#8243; _module_preset=&#8220;default&#8220; global_colors_info=&#8220;{}&#8220;]<\/p>\n<div class=\"spoton-review-showcase\"><\/div>\n<p><script async=\"\" src=\"https:\/\/portal.spotonwifi.com\/review-showcase\/js\/1ee0a4af49d0401e7a17703091479746ff3ea1db\" charset=\"utf-8\"><\/script>[\/et_pb_code][et_pb_button button_url=&#8220;https:\/\/eibernest-texel.nl\/de\/einen-kommentar-schreiben\/&#8220; button_text=&#8220;M\u00f6chten Sie auch eine Rezension schreiben?&#8220; button_alignment=&#8220;center&#8220; _builder_version=&#8220;4.24.2&#8243; _module_preset=&#8220;default&#8220; custom_button=&#8220;on&#8220; button_text_size=&#8220;18px&#8220; button_text_color=&#8220;#B7BBB3&#8243; button_bg_color=&#8220;#4D5743&#8243; button_border_width=&#8220;0px&#8220; button_border_color=&#8220;#4D5743&#8243; button_border_radius=&#8220;8px&#8220; button_icon=&#8220;&#x7b;||divi||400&#8243; background_layout=&#8220;dark&#8220; custom_margin=&#8220;||20px||false|false&#8220; custom_padding=&#8220;||||false|false&#8220; global_colors_info=&#8220;{}&#8220;][\/et_pb_button][\/et_pb_column][\/et_pb_row][\/et_pb_section]<\/p>\n","protected":false},"excerpt":{"rendered":"<p>Wir hoffen, Sie bald in unserem Bungalowpark &#8218;t Eibernest willkommen zu hei\u00dfen! Im Jahr 2001 kauften Tom und Ans Steenvoorden das Bungalow &#8218;t Eibernest. Von Kortenhoef zogen sie nach Texel, wo sie sich jetzt vollkommen zu Hause f\u00fchlen. Es ist nicht umsonst, dass Schwiegersohn Norbert und Tochter Esther ihnen folgten, zusammen mit ihrem Sohn Lucas.2016 [&hellip;]<\/p>\n","protected":false},"author":15,"featured_media":4073,"parent":0,"menu_order":52,"comment_status":"closed","ping_status":"open","template":"","meta":{"_et_pb_use_builder":"on","_et_pb_old_content":"","_et_gb_content_width":"","footnotes":""},"class_list":["post-2468","page","type-page","status-publish","has-post-thumbnail","hentry"],"_links":{"self":[{"href":"https:\/\/eibernest-texel.nl\/de\/wp-json\/wp\/v2\/pages\/2468","targetHints":{"allow":["GET"]}}],"collection":[{"href":"https:\/\/eibernest-texel.nl\/de\/wp-json\/wp\/v2\/pages"}],"about":[{"href":"https:\/\/eibernest-texel.nl\/de\/wp-json\/wp\/v2\/types\/page"}],"author":[{"embeddable":true,"href":"https:\/\/eibernest-texel.nl\/de\/wp-json\/wp\/v2\/users\/15"}],"replies":[{"embeddable":true,"href":"https:\/\/eibernest-texel.nl\/de\/wp-json\/wp\/v2\/comments?post=2468"}],"version-history":[{"count":0,"href":"https:\/\/eibernest-texel.nl\/de\/wp-json\/wp\/v2\/pages\/2468\/revisions"}],"wp:featuredmedia":[{"embeddable":true,"href":"https:\/\/eibernest-texel.nl\/de\/wp-json\/wp\/v2\/media\/4073"}],"wp:attachment":[{"href":"https:\/\/eibernest-texel.nl\/de\/wp-json\/wp\/v2\/media?parent=2468"}],"curies":[{"name":"wp","href":"https:\/\/api.w.org\/{rel}","templated":true}]}}