{"id":5910,"date":"2023-07-17T20:46:25","date_gmt":"2023-07-17T18:46:25","guid":{"rendered":"https:\/\/eibernest-texel.nl\/haeufig-gestellte-fragen\/"},"modified":"2025-12-26T08:32:29","modified_gmt":"2025-12-26T07:32:29","slug":"haeufig-gestellte-fragen","status":"publish","type":"page","link":"https:\/\/eibernest-texel.nl\/de\/haeufig-gestellte-fragen\/","title":{"rendered":"H\u00e4ufig gestellte Fragen"},"content":{"rendered":"<p>[et_pb_section fb_built=&#8220;1&#8243; _builder_version=&#8220;4.22.0&#8243; _module_preset=&#8220;default&#8220; background_color=&#8220;#E4E6E1&#8243; background_enable_image=&#8220;off&#8220; background_size=&#8220;stretch&#8220; global_colors_info=&#8220;{}&#8220;][et_pb_row _builder_version=&#8220;4.21.2&#8243; _module_preset=&#8220;default&#8220; custom_padding=&#8220;0px||0px||true|false&#8220; global_colors_info=&#8220;{}&#8220;][et_pb_column type=&#8220;4_4&#8243; _builder_version=&#8220;4.21.2&#8243; _module_preset=&#8220;default&#8220; global_colors_info=&#8220;{}&#8220;][et_pb_text _builder_version=&#8220;4.27.5&#8243; _dynamic_attributes=&#8220;content&#8220; _module_preset=&#8220;default&#8220; text_text_color=&#8220;#1F1D19&#8243; text_font_size=&#8220;26px&#8220; text_line_height=&#8220;1.5em&#8220; hover_enabled=&#8220;0&#8243; global_colors_info=&#8220;{}&#8220; sticky_enabled=&#8220;0&#8243;]@ET-DC@eyJkeW5hbWljIjp0cnVlLCJjb250ZW50IjoicG9zdF90aXRsZSIsInNldHRpbmdzIjp7ImJlZm9yZSI6IiIsImFmdGVyIjoiIiwiZW5hYmxlX2h0bWwiOiJvZmYifX0=@[\/et_pb_text][\/et_pb_column][\/et_pb_row][et_pb_row column_structure=&#8220;1_2,1_2&#8243; _builder_version=&#8220;4.21.2&#8243; _module_preset=&#8220;default&#8220; width_tablet=&#8220;&#8220; width_phone=&#8220;98%&#8220; width_last_edited=&#8220;on|phone&#8220; custom_padding=&#8220;29px||11px|||&#8220; global_colors_info=&#8220;{}&#8220;][et_pb_column type=&#8220;1_2&#8243; _builder_version=&#8220;4.21.0&#8243; _module_preset=&#8220;default&#8220; global_colors_info=&#8220;{}&#8220;][et_pb_toggle title=&#8220;Wie funktioniert es, wenn ich stornieren muss?&#8220; open_toggle_text_color=&#8220;#4D5743&#8243; open_toggle_background_color=&#8220;#E4E6E1&#8243; closed_toggle_background_color=&#8220;#4D5743&#8243; icon_color=&#8220;#E4E6E1&#8243; toggle_icon=&#8220;&#xf059;||fa||400&#8243; use_icon_font_size=&#8220;on&#8220; icon_font_size=&#8220;22px&#8220; _builder_version=&#8220;4.21.2&#8243; _module_preset=&#8220;default&#8220; title_text_color=&#8220;#E4E6E1&#8243; width=&#8220;550px&#8220; width_tablet=&#8220;550px&#8220; width_phone=&#8220;80%&#8220; width_last_edited=&#8220;on|phone&#8220; module_alignment=&#8220;left&#8220; module_alignment_tablet=&#8220;center&#8220; module_alignment_phone=&#8220;center&#8220; module_alignment_last_edited=&#8220;on|tablet&#8220; global_colors_info=&#8220;{}&#8220;]<\/p>\n<p>Wir verwenden <a href=\"https:\/\/eibernest-texel.nl\/wp-content\/uploads\/2021\/12\/Recron-voorwaarden_vakantieverblijven_nl.pdf\">die Widerrufsbelehrung der Recron<\/a><\/p>\n<p>[\/et_pb_toggle][et_pb_toggle title=&#8220;Wann ist Check-in und Check-out?&#8220; open_toggle_text_color=&#8220;#4D5743&#8243; open_toggle_background_color=&#8220;#E4E6E1&#8243; closed_toggle_background_color=&#8220;#4D5743&#8243; icon_color=&#8220;#E4E6E1&#8243; toggle_icon=&#8220;&#xf059;||fa||400&#8243; use_icon_font_size=&#8220;on&#8220; icon_font_size=&#8220;22px&#8220; _builder_version=&#8220;4.21.0&#8243; _module_preset=&#8220;default&#8220; title_text_color=&#8220;#E4E6E1&#8243; width=&#8220;550px&#8220; width_tablet=&#8220;550px&#8220; width_phone=&#8220;80%&#8220; width_last_edited=&#8220;on|phone&#8220; module_alignment=&#8220;left&#8220; module_alignment_tablet=&#8220;center&#8220; module_alignment_phone=&#8220;center&#8220; module_alignment_last_edited=&#8220;on|tablet&#8220; global_colors_info=&#8220;{}&#8220;]Der Check-in ist ab 14:00 Uhr m\u00f6glich. Bitte checken Sie vor 10:00 Uhr aus.[\/et_pb_toggle][et_pb_toggle title=&#8220;Kann ich mein Auto parken?&#8220; open_toggle_text_color=&#8220;#4D5743&#8243; open_toggle_background_color=&#8220;#E4E6E1&#8243; closed_toggle_background_color=&#8220;#4D5743&#8243; icon_color=&#8220;#E4E6E1&#8243; toggle_icon=&#8220;&#xf059;||fa||400&#8243; use_icon_font_size=&#8220;on&#8220; icon_font_size=&#8220;22px&#8220; _builder_version=&#8220;4.21.0&#8243; _module_preset=&#8220;default&#8220; title_text_color=&#8220;#E4E6E1&#8243; width=&#8220;550px&#8220; width_tablet=&#8220;550px&#8220; width_phone=&#8220;80%&#8220; width_last_edited=&#8220;on|phone&#8220; module_alignment=&#8220;left&#8220; module_alignment_tablet=&#8220;center&#8220; module_alignment_phone=&#8220;center&#8220; module_alignment_last_edited=&#8220;on|tablet&#8220; global_colors_info=&#8220;{}&#8220;]<\/p>\n<p>Ja, unser Park verf\u00fcgt \u00fcber einen eigenen Parkplatz und bei einigen Bungalows k\u00f6nnen Sie auch direkt vor dem Haus parken.<\/p>\n<p>[\/et_pb_toggle][et_pb_toggle title=&#8220;Kann ich mein Elektroauto aufladen?&#8220; open_toggle_text_color=&#8220;#4D5743&#8243; open_toggle_background_color=&#8220;#E4E6E1&#8243; closed_toggle_background_color=&#8220;#4D5743&#8243; icon_color=&#8220;#E4E6E1&#8243; toggle_icon=&#8220;&#xf059;||fa||400&#8243; use_icon_font_size=&#8220;on&#8220; icon_font_size=&#8220;22px&#8220; _builder_version=&#8220;4.21.0&#8243; _module_preset=&#8220;default&#8220; title_text_color=&#8220;#E4E6E1&#8243; width=&#8220;550px&#8220; width_tablet=&#8220;550px&#8220; width_phone=&#8220;80%&#8220; width_last_edited=&#8220;on|phone&#8220; module_alignment=&#8220;left&#8220; module_alignment_tablet=&#8220;center&#8220; module_alignment_phone=&#8220;center&#8220; module_alignment_last_edited=&#8220;on|tablet&#8220; global_colors_info=&#8220;{}&#8220;]<\/p>\n<p><span>Dank unserer Solarpanels haben wir eine Ladestation f\u00fcr das Elektroauto.<\/span><br \/><span>Die Ladestation funktioniert nur mit unserem eigenen Schl\u00fcssel, ruf daf\u00fcr den Manager an.<\/span><\/p>\n<p><span>Wir bitten Sie, tags\u00fcber aufzuladen, dann erledigen die Sonnenkollektoren ihre Arbeit, damit wir Ihnen diese zu einem g\u00fcnstigen Preis anbieten k\u00f6nnen.<\/span><\/p>\n<p>[\/et_pb_toggle][et_pb_toggle title=&#8220;Bieten Sie auch Fr\u00fchst\u00fcck an?&#8220; open_toggle_text_color=&#8220;#4D5743&#8243; open_toggle_background_color=&#8220;#E4E6E1&#8243; closed_toggle_background_color=&#8220;#4D5743&#8243; icon_color=&#8220;#E4E6E1&#8243; toggle_icon=&#8220;&#xf059;||fa||400&#8243; use_icon_font_size=&#8220;on&#8220; icon_font_size=&#8220;22px&#8220; _builder_version=&#8220;4.21.0&#8243; _module_preset=&#8220;default&#8220; title_text_color=&#8220;#E4E6E1&#8243; width=&#8220;550px&#8220; width_tablet=&#8220;550px&#8220; width_phone=&#8220;80%&#8220; width_last_edited=&#8220;on|phone&#8220; module_alignment=&#8220;left&#8220; module_alignment_tablet=&#8220;center&#8220; module_alignment_phone=&#8220;center&#8220; module_alignment_last_edited=&#8220;on|tablet&#8220; global_colors_info=&#8220;{}&#8220;]<\/p>\n<p>Nein, leider. Aber nur wenige Gehminuten entfernt gibt es leckere frische Br\u00f6tchen, sowohl im Plus als auch in der warmen B\u00e4ckerei weiter unten in der Kikkertstraat.<\/p>\n<p>Wenn Sie es vorziehen, in einem B&amp;B zu \u00fcbernachten, sind Sie in unserem B&amp;B: <a href=\"https:\/\/bnbdemoerbei.nl\/\" target=\"_blank\" rel=\"noopener\">De Moerbei<\/a> auch in Cocksdorp herzlich willkommen.<\/p>\n<p>[\/et_pb_toggle][\/et_pb_column][et_pb_column type=&#8220;1_2&#8243; _builder_version=&#8220;4.21.0&#8243; _module_preset=&#8220;default&#8220; global_colors_info=&#8220;{}&#8220;][et_pb_toggle title=&#8220;Gibt es WLAN in den Bungalows?&#8220; open_toggle_text_color=&#8220;#4D5743&#8243; open_toggle_background_color=&#8220;#E4E6E1&#8243; closed_toggle_background_color=&#8220;#4D5743&#8243; icon_color=&#8220;#E4E6E1&#8243; toggle_icon=&#8220;&#xf059;||fa||400&#8243; use_icon_font_size=&#8220;on&#8220; icon_font_size=&#8220;22px&#8220; _builder_version=&#8220;4.21.0&#8243; _module_preset=&#8220;default&#8220; title_text_color=&#8220;#E4E6E1&#8243; width=&#8220;550px&#8220; width_tablet=&#8220;550px&#8220; width_phone=&#8220;80%&#8220; width_last_edited=&#8220;on|phone&#8220; module_alignment=&#8220;left&#8220; module_alignment_tablet=&#8220;center&#8220; module_alignment_phone=&#8220;center&#8220; module_alignment_last_edited=&#8220;on|tablet&#8220; global_colors_info=&#8220;{}&#8220;]<\/p>\n<p>Ja, es gibt kostenloses WLAN in jedem Bungalow.<\/p>\n<p>[\/et_pb_toggle][et_pb_toggle title=&#8220;Kann ich ein Haustier mitbringen?&#8220; open_toggle_text_color=&#8220;#4D5743&#8243; open_toggle_background_color=&#8220;#E4E6E1&#8243; closed_toggle_background_color=&#8220;#4D5743&#8243; icon_color=&#8220;#E4E6E1&#8243; toggle_icon=&#8220;&#xf059;||fa||400&#8243; use_icon_font_size=&#8220;on&#8220; icon_font_size=&#8220;22px&#8220; _builder_version=&#8220;4.21.0&#8243; _module_preset=&#8220;default&#8220; title_text_color=&#8220;#E4E6E1&#8243; width=&#8220;550px&#8220; width_tablet=&#8220;550px&#8220; width_phone=&#8220;80%&#8220; width_last_edited=&#8220;on|phone&#8220; module_alignment=&#8220;left&#8220; module_alignment_tablet=&#8220;center&#8220; module_alignment_phone=&#8220;center&#8220; module_alignment_last_edited=&#8220;on|tablet&#8220; global_colors_info=&#8220;{}&#8220;]<\/p>\n<p><span style=\"font-weight: 400;\">Ja, das ist kein Problem. Wir berechnen 5 \u20ac pro Tag. Bitte halten Sie Ihren Hund an der Leine und gehen Sie nicht im Park spazieren.<\/span><\/p>\n<p>[\/et_pb_toggle][et_pb_toggle title=&#8220;Kann ich ein Fahrrad mieten?&#8220; open_toggle_text_color=&#8220;#4D5743&#8243; open_toggle_background_color=&#8220;#E4E6E1&#8243; closed_toggle_background_color=&#8220;#4D5743&#8243; icon_color=&#8220;#E4E6E1&#8243; toggle_icon=&#8220;&#xf059;||fa||400&#8243; use_icon_font_size=&#8220;on&#8220; icon_font_size=&#8220;22px&#8220; _builder_version=&#8220;4.21.0&#8243; _module_preset=&#8220;default&#8220; title_text_color=&#8220;#E4E6E1&#8243; width=&#8220;550px&#8220; width_tablet=&#8220;550px&#8220; width_phone=&#8220;80%&#8220; width_last_edited=&#8220;on|phone&#8220; module_alignment=&#8220;left&#8220; module_alignment_tablet=&#8220;center&#8220; module_alignment_phone=&#8220;center&#8220; module_alignment_last_edited=&#8220;on|tablet&#8220; global_colors_info=&#8220;{}&#8220;]<\/p>\n<p>In der N\u00e4he von \u0301t Eibernest, zu Fu\u00df erreichbar, befindet sich ein Fahrradverleih. Eine Reservierung ist erforderlich<br \/><a href=\"https:\/\/www.fietsenoptexel.nl\/\" target=\"_blank\" rel=\"noopener\">https:\/\/www.fietsenoptexel.nl\/<\/a> <\/p>\n<p>[\/et_pb_toggle][et_pb_toggle title=&#8220;Kann ich Zustellbetten oder ein Kinderbett reservieren?&#8220; open_toggle_text_color=&#8220;#4D5743&#8243; open_toggle_background_color=&#8220;#E4E6E1&#8243; closed_toggle_background_color=&#8220;#4D5743&#8243; icon_color=&#8220;#E4E6E1&#8243; toggle_icon=&#8220;&#xf059;||fa||400&#8243; use_icon_font_size=&#8220;on&#8220; icon_font_size=&#8220;22px&#8220; _builder_version=&#8220;4.21.0&#8243; _module_preset=&#8220;default&#8220; title_text_color=&#8220;#E4E6E1&#8243; width=&#8220;550px&#8220; width_tablet=&#8220;550px&#8220; width_phone=&#8220;80%&#8220; width_last_edited=&#8220;on|phone&#8220; module_alignment=&#8220;left&#8220; module_alignment_tablet=&#8220;center&#8220; module_alignment_phone=&#8220;center&#8220; module_alignment_last_edited=&#8220;on|tablet&#8220; global_colors_info=&#8220;{}&#8220;]Sie k\u00f6nnen ein Campingbett f\u00fcr \u20ac10.- mieten oder Ihr eigenes mitbringen.[\/et_pb_toggle][et_pb_toggle title=&#8220;Darf im Bungalow geraucht werden?&#8220; open_toggle_text_color=&#8220;#4D5743&#8243; open_toggle_background_color=&#8220;#E4E6E1&#8243; closed_toggle_background_color=&#8220;#4D5743&#8243; icon_color=&#8220;#E4E6E1&#8243; toggle_icon=&#8220;&#xf059;||fa||400&#8243; use_icon_font_size=&#8220;on&#8220; icon_font_size=&#8220;22px&#8220; _builder_version=&#8220;4.21.0&#8243; _module_preset=&#8220;default&#8220; title_text_color=&#8220;#E4E6E1&#8243; width=&#8220;550px&#8220; width_tablet=&#8220;550px&#8220; width_phone=&#8220;80%&#8220; width_last_edited=&#8220;on|phone&#8220; module_alignment=&#8220;left&#8220; module_alignment_tablet=&#8220;center&#8220; module_alignment_phone=&#8220;center&#8220; module_alignment_last_edited=&#8220;on|tablet&#8220; global_colors_info=&#8220;{}&#8220;]<\/p>\n<p>Nein, alle Bungalows sind Nichtraucher-Bungalows. Sie k\u00f6nnen auf der Terrasse rauchen oder drau\u00dfen vor dem Bungalow rauchen, wenn Sie m\u00f6chten, aber bitte nehmen Sie R\u00fccksicht auf Ihre Nachbarn und r\u00e4umen Sie Ihre Kippen sicher auf.<\/p>\n<p>[\/et_pb_toggle][et_pb_toggle title=&#8220;Gibt es einen Safe?&#8220; open_toggle_text_color=&#8220;#4D5743&#8243; open_toggle_background_color=&#8220;#E4E6E1&#8243; closed_toggle_background_color=&#8220;#4D5743&#8243; icon_color=&#8220;#E4E6E1&#8243; toggle_icon=&#8220;&#xf059;||fa||400&#8243; use_icon_font_size=&#8220;on&#8220; icon_font_size=&#8220;22px&#8220; _builder_version=&#8220;4.21.0&#8243; _module_preset=&#8220;default&#8220; title_text_color=&#8220;#E4E6E1&#8243; width=&#8220;550px&#8220; width_tablet=&#8220;550px&#8220; width_phone=&#8220;80%&#8220; width_last_edited=&#8220;on|phone&#8220; module_alignment=&#8220;left&#8220; module_alignment_tablet=&#8220;center&#8220; module_alignment_phone=&#8220;center&#8220; module_alignment_last_edited=&#8220;on|tablet&#8220; global_colors_info=&#8220;{}&#8220;]<\/p>\n<p>Nein, es gibt keine Schlie\u00dff\u00e4cher.<\/p>\n<p>[\/et_pb_toggle][\/et_pb_column][\/et_pb_row][\/et_pb_section]<\/p>\n","protected":false},"excerpt":{"rendered":"<p>Wir verwenden die Widerrufsbelehrung der RecronDer Check-in ist ab 14:00 Uhr m\u00f6glich. Bitte checken Sie vor 10:00 Uhr aus.Ja, unser Park verf\u00fcgt \u00fcber einen eigenen Parkplatz und bei einigen Bungalows k\u00f6nnen Sie auch direkt vor dem Haus parken.Dank unserer Solarpanels haben wir eine Ladestation f\u00fcr das Elektroauto.Die Ladestation funktioniert nur mit unserem eigenen Schl\u00fcssel, ruf [&hellip;]<\/p>\n","protected":false},"author":2,"featured_media":0,"parent":0,"menu_order":69,"comment_status":"closed","ping_status":"closed","template":"","meta":{"_et_pb_use_builder":"on","_et_pb_old_content":"","_et_gb_content_width":"","footnotes":""},"class_list":["post-5910","page","type-page","status-publish","hentry"],"_links":{"self":[{"href":"https:\/\/eibernest-texel.nl\/de\/wp-json\/wp\/v2\/pages\/5910","targetHints":{"allow":["GET"]}}],"collection":[{"href":"https:\/\/eibernest-texel.nl\/de\/wp-json\/wp\/v2\/pages"}],"about":[{"href":"https:\/\/eibernest-texel.nl\/de\/wp-json\/wp\/v2\/types\/page"}],"author":[{"embeddable":true,"href":"https:\/\/eibernest-texel.nl\/de\/wp-json\/wp\/v2\/users\/2"}],"replies":[{"embeddable":true,"href":"https:\/\/eibernest-texel.nl\/de\/wp-json\/wp\/v2\/comments?post=5910"}],"version-history":[{"count":0,"href":"https:\/\/eibernest-texel.nl\/de\/wp-json\/wp\/v2\/pages\/5910\/revisions"}],"wp:attachment":[{"href":"https:\/\/eibernest-texel.nl\/de\/wp-json\/wp\/v2\/media?parent=5910"}],"curies":[{"name":"wp","href":"https:\/\/api.w.org\/{rel}","templated":true}]}}