{"id":8536,"date":"2025-12-19T07:57:02","date_gmt":"2025-12-19T06:57:02","guid":{"rendered":"https:\/\/eibernest-texel.nl\/datenschutz\/"},"modified":"2025-12-19T07:59:18","modified_gmt":"2025-12-19T06:59:18","slug":"datenschutz","status":"publish","type":"page","link":"https:\/\/eibernest-texel.nl\/de\/datenschutz\/","title":{"rendered":"Datenschutz"},"content":{"rendered":"<p>[et_pb_section fb_built=&#8220;1&#8243; _builder_version=&#8220;4.16&#8243; global_colors_info=&#8220;{}&#8220;][et_pb_row _builder_version=&#8220;4.16&#8243; background_size=&#8220;initial&#8220; background_position=&#8220;top_left&#8220; background_repeat=&#8220;repeat&#8220; global_colors_info=&#8220;{}&#8220;][et_pb_column type=&#8220;4_4&#8243; _builder_version=&#8220;4.16&#8243; custom_padding=&#8220;|||&#8220; global_colors_info=&#8220;{}&#8220; custom_padding__hover=&#8220;|||&#8220;][et_pb_text _builder_version=&#8220;4.16&#8243; background_size=&#8220;initial&#8220; background_position=&#8220;top_left&#8220; background_repeat=&#8220;repeat&#8220; global_colors_info=&#8220;{}&#8220;]<\/p>\n<h2>Wer wir sind<\/h2>\n<p>Unsere Website-Adresse lautet: https:\/\/eibernest-texel.nl.<\/p>\n<h2>Welche personenbezogenen Daten wir sammeln und warum wir sie sammeln<\/h2>\n<h3>Kommentare<\/h3>\n<p>Wenn Besucher Kommentare auf der Website hinterlassen, erfassen wir die im Kommentarformular angezeigten Daten, die IP-Adresse des Besuchers und den Browser-Benutzeragenten, um Spam zu erkennen.<\/p>\n<p>Eine anonymisierte Zeichenfolge, die basierend auf Ihrer E-Mail-Adresse erstellt wurde (auch als Hash bezeichnet), kann an den Gravatar-Dienst gesendet werden, wenn Sie sie verwenden. Die Seite Datenschutzerkl\u00e4rung finden Sie hier: https:\/\/automattic.com\/privacy\/. Nachdem Ihre Antwort genehmigt wurde, wird Ihr Profilbild im Kontext Ihres Kommentars \u00f6ffentlich angezeigt.<\/p>\n<h3>medien<\/h3>\n<p>Wenn Sie ein registrierter Benutzer sind und Bilder auf die Website hochladen, sollten Sie das Hochladen von Bildern vermeiden, die EXIF GPS-Standortdaten enthalten. Besucher der Website k\u00f6nnen die Bilder von der Website herunterladen und die Standortdaten einsehen.<\/p>\n<h3>Kontaktformulare<\/h3>\n<h3>Cookies<\/h3>\n<p>Wenn Sie einen Kommentar auf unserer Website hinterlassen, k\u00f6nnen Sie angeben, ob Ihr Name, Ihre E-Mail-Adresse und Ihre Website in einem Cookie gespeichert werden k\u00f6nnen. Wir tun dies zu Ihrer Bequemlichkeit, damit Sie diese Daten nicht erneut f\u00fcr eine neue Antwort ausf\u00fcllen m\u00fcssen. Diese Cookies sind ein Jahr g\u00fcltig.<\/p>\n<p>Wenn Sie ein Konto haben und sich auf dieser Seite anmelden, speichern wir ein tempor\u00e4res Cookie, um festzustellen, ob Ihr Browser Cookies akzeptiert. Dieses Cookie enth\u00e4lt keine pers\u00f6nlichen Informationen und wird gel\u00f6scht, sobald Sie Ihren Browser schlie\u00dfen.<\/p>\n<p>Sobald Sie sich eingeloggt haben, behalten wir einige Cookies in Verbindung mit Ihren Login-Informationen und Bildschirmanzeigeoptionen. Login-Cookies sind f\u00fcr 2 Tage g\u00fcltig und Cookies f\u00fcr Bildschirmanzeigeoptionen 1 Jahr. Wenn Sie &#8222;Remember Me&#8220; ausw\u00e4hlen, wird Ihr Login f\u00fcr 2 Wochen gespeichert. Sobald Sie sich aus Ihrem Konto abgemeldet haben, werden Anmelde-Cookies gel\u00f6scht.<\/p>\n<p>Wenn Sie eine Nachricht \u00e4ndern oder ver\u00f6ffentlichen, wird ein zus\u00e4tzliches Cookie von Ihrem Browser gespeichert. Dieses Cookie enth\u00e4lt keine personenbezogenen Daten und hat nur die Post-ID des Artikels, den Sie selbst bearbeitet haben. Dieses Cookie ist nach einem Tag abgelaufen.<\/p>\n<h3>Eingebettete Inhalte von anderen Websites<\/h3>\n<p>Nachrichten auf dieser Website k\u00f6nnen eingebettete (eingebettete) Inhalte enthalten (z. B. Videos, Bilder, Nachrichten usw.). Eingebettete Inhalte von anderen Websites verhalten sich genau so, als ob der Besucher diese andere Website besucht h\u00e4tte.<\/p>\n<p>Diese Websites k\u00f6nnen Daten \u00fcber Sie sammeln, Cookies verwenden, Tracking von Drittanbietern einbetten und Ihre Interaktion mit diesen eingebetteten Inhalten \u00fcberwachen, einschlie\u00dflich der Interaktion mit eingebetteten Inhalten, wenn Sie ein Konto haben und auf dieser Website eingeloggt sind.<\/p>\n<h3>Analytics<\/h3>\n<h2>mit wem wir Ihre Daten teilen<\/h2>\n<h2>Wie lange wir Ihre Daten aufbewahren<\/h2>\n<p>Wenn Sie einen Kommentar hinterlassen, werden diese Reaktion und die Metadaten dieser Reaktion f\u00fcr immer beibehalten. Auf diese Weise k\u00f6nnen wir Follow-up-Antworten automatisch erkennen und genehmigen, anstatt sie zu moderieren.<\/p>\n<p>F\u00fcr Nutzer, die auf unserer Website registriert sind (falls zutreffend), speichern wir personenbezogene Daten auch in ihrem Nutzerprofil. Alle Benutzer k\u00f6nnen ihre pers\u00f6nlichen Daten jederzeit anzeigen, \u00e4ndern oder l\u00f6schen (der Benutzername kann nicht ge\u00e4ndert werden). Websiteadministratoren k\u00f6nnen diese Informationen auch anzeigen und \u00e4ndern.<\/p>\n<h2>Welche Rechte Haben Sie an Ihren Daten?<\/h2>\n<p>Wenn Sie ein Konto auf dieser Website haben oder Kommentare hinterlassen haben, k\u00f6nnen Sie eine Exportdatei Ihrer personenbezogenen Daten, die wir von Ihnen haben, einschlie\u00dflich aller Informationen, die Sie uns zur Verf\u00fcgung gestellt haben, anfordern. Sie k\u00f6nnen auch verlangen, dass wir alle personenbezogenen Daten, die wir von Ihnen haben, entfernen. Dies schlie\u00dft keine Daten ein, die wir im Zusammenhang mit administrativen, rechtlichen oder sicherheitsrechtlichen Zwecken aufbewahren m\u00fcssen.<\/p>\n<h2>Wo wir Ihre Daten senden<\/h2>\n<p>Besucherreaktionen k\u00f6nnen von einem automatisierten Spam-Erkennungsdienst geleitet werden.<\/p>\n<h2>Ihre Kontaktdaten<\/h2>\n<h2>Zus\u00e4tzliche Informationen<\/h2>\n<h3>Wie wir Ihre Daten sch\u00fctzen<\/h3>\n<h3>Welche Datenschutzverletzungen haben wir implementiert?<\/h3>\n<h3>Von welchen Dritten wir Daten erhalten<\/h3>\n<h3>Welche automatisierten Entscheidungen treffen wir und profilieren wir mit Benutzerdaten<\/h3>\n<h3>Offenlegungspflichten der Industrie<\/h3>\n<p>[\/et_pb_text][\/et_pb_column][\/et_pb_row][\/et_pb_section][et_pb_section fb_built=&#8220;1&#8243; fullwidth=&#8220;on&#8220; _builder_version=&#8220;4.20.4&#8243; _module_preset=&#8220;default&#8220; global_colors_info=&#8220;{}&#8220;][et_pb_fullwidth_portfolio title=&#8220;Ferienh\u00e4user \u0301t Eibernest Texel&#8220; include_categories=&#8220;all&#8220; posts_number=&#8220;12&#8243; show_date=&#8220;off&#8220; zoom_icon_color=&#8220;#4D5743&#8243; hover_overlay_color=&#8220;rgba(31,29,25,0.02)&#8220; hover_icon=&#8220;&#xf06e;||fa||400&#8243; _builder_version=&#8220;4.27.5&#8243; _module_preset=&#8220;default&#8220; portfolio_header_text_color=&#8220;#E4E6E1&#8243; title_text_color=&#8220;#E4E6E1&#8243; background_color=&#8220;#4D5743&#8243; global_colors_info=&#8220;{}&#8220;][\/et_pb_fullwidth_portfolio][\/et_pb_section]<\/p>\n","protected":false},"excerpt":{"rendered":"<p>Wer wir sind Unsere Website-Adresse lautet: https:\/\/eibernest-texel.nl. Welche personenbezogenen Daten wir sammeln und warum wir sie sammeln Kommentare Wenn Besucher Kommentare auf der Website hinterlassen, erfassen wir die im Kommentarformular angezeigten Daten, die IP-Adresse des Besuchers und den Browser-Benutzeragenten, um Spam zu erkennen. Eine anonymisierte Zeichenfolge, die basierend auf Ihrer E-Mail-Adresse erstellt wurde (auch als [&hellip;]<\/p>\n","protected":false},"author":15,"featured_media":0,"parent":0,"menu_order":48,"comment_status":"closed","ping_status":"closed","template":"","meta":{"_et_pb_use_builder":"on","_et_pb_old_content":"","_et_gb_content_width":"","footnotes":""},"class_list":["post-8536","page","type-page","status-publish","hentry"],"_links":{"self":[{"href":"https:\/\/eibernest-texel.nl\/de\/wp-json\/wp\/v2\/pages\/8536","targetHints":{"allow":["GET"]}}],"collection":[{"href":"https:\/\/eibernest-texel.nl\/de\/wp-json\/wp\/v2\/pages"}],"about":[{"href":"https:\/\/eibernest-texel.nl\/de\/wp-json\/wp\/v2\/types\/page"}],"author":[{"embeddable":true,"href":"https:\/\/eibernest-texel.nl\/de\/wp-json\/wp\/v2\/users\/15"}],"replies":[{"embeddable":true,"href":"https:\/\/eibernest-texel.nl\/de\/wp-json\/wp\/v2\/comments?post=8536"}],"version-history":[{"count":0,"href":"https:\/\/eibernest-texel.nl\/de\/wp-json\/wp\/v2\/pages\/8536\/revisions"}],"wp:attachment":[{"href":"https:\/\/eibernest-texel.nl\/de\/wp-json\/wp\/v2\/media?parent=8536"}],"curies":[{"name":"wp","href":"https:\/\/api.w.org\/{rel}","templated":true}]}}